{"id":529,"date":"2018-11-26T12:47:06","date_gmt":"2018-11-26T14:47:06","guid":{"rendered":"https:\/\/slengenhariaeconsultoria.com.br\/index.php\/contact\/"},"modified":"2026-01-14T14:29:56","modified_gmt":"2026-01-14T17:29:56","slug":"contato","status":"publish","type":"page","link":"https:\/\/slengenhariaeconsultoria.com.br\/index.php\/contato\/","title":{"rendered":"contato"},"content":{"rendered":"<style>\/*! elementor - v3.6.7 - 03-07-2022 *\/\n.elementor-heading-title{padding:0;margin:0;line-height:1}.elementor-widget-heading .elementor-heading-title[class*=elementor-size-]>a{color:inherit;font-size:inherit;line-height:inherit}.elementor-widget-heading .elementor-heading-title.elementor-size-small{font-size:15px}.elementor-widget-heading .elementor-heading-title.elementor-size-medium{font-size:19px}.elementor-widget-heading .elementor-heading-title.elementor-size-large{font-size:29px}.elementor-widget-heading .elementor-heading-title.elementor-size-xl{font-size:39px}.elementor-widget-heading .elementor-heading-title.elementor-size-xxl{font-size:59px}<\/style>\n<h1>CoNTATO<\/h1>\n<h2>Contato<\/h2>\n<p><strong>Abaixo os canais de contatos, aproveite pe\u00e7a um or\u00e7amento!<\/strong><\/p>\n<link rel=\"stylesheet\" href=\"https:\/\/slengenhariaeconsultoria.com.br\/wp-content\/plugins\/elementor\/assets\/css\/widget-icon-list.min.css\">\n<ul>\n<li>\n\t\t\t\t\t\t\t\t\t\t\t<a href=\"https:\/\/www.google.com.br\/maps\/place\/Av.+Oct%C3%A1vio+Mangabeira,+6929+-+Boca+do+Rio,+Salvador+-+BA,+41706-690\/@-12.9751861,-38.4221827,17z\/data=!3m1!4b1!4m5!3m4!1s0x7161a35da72c509:0x86d5dafdb1575fcc!8m2!3d-12.9751913!4d-38.419994?hl=pt-BR\"><br \/>\n\t\t\t\t\t\t\t\t\t\tAvenida Oct\u00e1vio Mangabeira,6929 &#8211; sala 103 a 108, Bairro : Boca do Rio.  CEP 41.706-690 Salvador &#8211; BA<br \/>\n\t\t\t\t\t\t\t\t\t\t\t<\/a>\n\t\t\t\t\t\t\t\t\t<\/li>\n<li>\n\t\t\t\t\t\t\t\t\t\t\t<a href=\"#\"><br \/>\n\t\t\t\t\t\t\t\t\t\tcontato@slengenhariaeconsultoria.com.br<br \/>\n\t\t\t\t\t\t\t\t\t\t\t<\/a>\n\t\t\t\t\t\t\t\t\t<\/li>\n<li>\n\t\t\t\t\t\t\t\t\t\t\t<a href=\"#\"><br \/>\n\t\t\t\t\t\t\t\t\t\t+55 (71) 99396-8771<br \/>\n\t\t\t\t\t\t\t\t\t\t\t<\/a>\n\t\t\t\t\t\t\t\t\t<\/li>\n<li>\n\t\t\t\t\t\t\t\t\t\t\t<a href=\"#\"><br \/>\n\t\t\t\t\t\t\t\t\t\t+55 (71) 98771-7131<br \/>\n\t\t\t\t\t\t\t\t\t\t\t<\/a>\n\t\t\t\t\t\t\t\t\t<\/li>\n<li>\n\t\t\t\t\t\t\t\t\t\t\t<a href=\"#\"><br \/>\n\t\t\t\t\t\t\t\t\t\t+55 (92) 99532-4327<br \/>\n\t\t\t\t\t\t\t\t\t\t\t<\/a>\n\t\t\t\t\t\t\t\t\t<\/li>\n<\/ul>\n<div class=\"wpforms-container meu-formulario\" id=\"wpforms-683\"><form id=\"wpforms-form-683\" class=\"wpforms-validate wpforms-form wpforms-ajax-form\" data-formid=\"683\" method=\"post\" enctype=\"multipart\/form-data\" action=\"\/index.php\/wp-json\/wp\/v2\/pages\/529\" data-token=\"a0a2d03887ba5aa6013f4a2fd5d0af74\"><noscript class=\"wpforms-error-noscript\">Please enable JavaScript in your browser to complete this form.<\/noscript><div class=\"wpforms-field-container\"><div id=\"wpforms-683-field_2-container\" class=\"wpforms-field wpforms-field-text\" data-field-id=\"2\"><label class=\"wpforms-field-label\" for=\"wpforms-683-field_2\">Nome Pessoa:  Jur\u00eddica\/F\u00edsico<\/label><input type=\"text\" id=\"wpforms-683-field_2\" class=\"wpforms-field-medium\" name=\"wpforms[fields][2]\" ><div class=\"wpforms-field-description\">Digite o nome da empresa, se for pessoa f\u00edsica seu nome<\/div><\/div><div id=\"wpforms-683-field_10-container\" class=\"wpforms-field wpforms-field-text\" data-field-id=\"10\"><label class=\"wpforms-field-label\" for=\"wpforms-683-field_10\">Telefone<\/label><input type=\"text\" id=\"wpforms-683-field_10\" class=\"wpforms-field-medium wpforms-masked-input\" data-inputmask-mask=\"(99) [9]9999-9999\" data-rule-empty-blanks=\"1\" name=\"wpforms[fields][10]\" ><\/div><div id=\"wpforms-683-field_18-container\" class=\"wpforms-field wpforms-field-text\" data-field-id=\"18\"><label class=\"wpforms-field-label\" for=\"wpforms-683-field_18\">E-mail<\/label><input type=\"text\" id=\"wpforms-683-field_18\" class=\"wpforms-field-medium\" name=\"wpforms[fields][18]\" ><\/div><div id=\"wpforms-683-field_4-container\" class=\"wpforms-field wpforms-field-text\" data-field-id=\"4\"><label class=\"wpforms-field-label\" for=\"wpforms-683-field_4\">T\u00edtulo do  Assunto  <span class=\"wpforms-required-label\">*<\/span><\/label><input type=\"text\" id=\"wpforms-683-field_4\" class=\"wpforms-field-medium wpforms-field-required\" name=\"wpforms[fields][4]\" required><div class=\"wpforms-field-description\">Descreve o motivo do seu contato! <\/div><\/div><div id=\"wpforms-683-field_11-container\" class=\"wpforms-field wpforms-field-textarea\" data-field-id=\"11\"><label class=\"wpforms-field-label\" for=\"wpforms-683-field_11\">Mensagem da Denuncia <span class=\"wpforms-required-label\">*<\/span><\/label><textarea id=\"wpforms-683-field_11\" class=\"wpforms-field-medium wpforms-field-required\" name=\"wpforms[fields][11]\" required><\/textarea><div class=\"wpforms-field-description\">Descreva de forma sucinta sua mensagem <\/div><\/div><div id=\"wpforms-683-field_6-container\" class=\"wpforms-field wpforms-field-gdpr-checkbox\" data-field-id=\"6\"><label class=\"wpforms-field-label\" for=\"wpforms-683-field_6\">Contrato GDPR <span class=\"wpforms-required-label\">*<\/span><\/label><ul id=\"wpforms-683-field_6\" class=\"wpforms-field-required\"><li class=\"choice-1\"><input type=\"checkbox\" id=\"wpforms-683-field_6_1\" name=\"wpforms[fields][6][]\" value=\"Eu concordo que este site armazene minhas informa\u00e7\u00f5es enviadas para que elas possam responder \u00e0 minha consulta.\" required ><label class=\"wpforms-field-label-inline\" for=\"wpforms-683-field_6_1\">Eu concordo que este site armazene minhas informa\u00e7\u00f5es enviadas para que elas possam responder \u00e0 minha consulta.<\/label><\/li><\/ul><\/div><\/div><div class=\"wpforms-submit-container\"><input type=\"hidden\" name=\"wpforms[id]\" value=\"683\"><input type=\"hidden\" name=\"wpforms[author]\" value=\"1\"><button type=\"submit\" name=\"wpforms[submit]\" id=\"wpforms-submit-683\" class=\"wpforms-submit meu-formulario-botao\" data-alt-text=\"Enviando-bot\u00e3o\" data-submit-text=\"Enviar a Denuncia\" aria-live=\"assertive\" value=\"wpforms-submit\">Enviar a Denuncia<\/button><img loading=\"lazy\" decoding=\"async\" src=\"https:\/\/slengenhariaeconsultoria.com.br\/wp-content\/plugins\/wpforms-lite\/assets\/images\/submit-spin.svg\" class=\"wpforms-submit-spinner\" style=\"display: none;\" width=\"26\" height=\"26\" alt=\"\"><\/div><\/form><\/div>  <!-- .wpforms-container -->\n<style>\/*! elementor - v3.6.7 - 03-07-2022 *\/\n.elementor-widget-google_maps .elementor-widget-container{overflow:hidden}.elementor-widget-google_maps iframe{height:300px}<\/style>\n<p>\t\t\t<iframe frameborder=\"0\" scrolling=\"no\" marginheight=\"0\" marginwidth=\"0\"\n\t\t\t\t\tsrc=\"https:\/\/maps.google.com\/maps?q=SL%20ENGENHARIA%20E%20CONSULTORIA%20ONSHORE%20E%20OFFSHORE%20LTDA&#038;t=m&#038;z=7&#038;output=embed&#038;iwloc=near\"\n\t\t\t\t\ttitle=\"SL ENGENHARIA E CONSULTORIA ONSHORE E OFFSHORE LTDA\"\n\t\t\t\t\taria-label=\"SL ENGENHARIA E CONSULTORIA ONSHORE E OFFSHORE LTDA\"\n\t\t\t><\/iframe><\/p>\n","protected":false},"excerpt":{"rendered":"<p>CoNTATO Contato Abaixo os canais de contatos, aproveite pe\u00e7a um or\u00e7amento! Avenida Oct\u00e1vio Mangabeira,6929 &#8211; sala 103 a 108, Bairro : Boca do Rio. CEP 41.706-690 Salvador &#8211; BA contato@slengenhariaeconsultoria.com.br +55 (71) 99396-8771 +55 (71) 98771-7131 +55 (92) 99532-4327<\/p>\n","protected":false},"author":1,"featured_media":0,"parent":0,"menu_order":0,"comment_status":"closed","ping_status":"closed","template":"","meta":{"om_disable_all_campaigns":false,"_monsterinsights_skip_tracking":false,"_monsterinsights_sitenote_active":false,"_monsterinsights_sitenote_note":"","_monsterinsights_sitenote_category":0,"site-sidebar-layout":"no-sidebar","site-content-layout":"page-builder","ast-site-content-layout":"full-width-container","site-content-style":"unboxed","site-sidebar-style":"unboxed","ast-global-header-display":"","ast-banner-title-visibility":"","ast-main-header-display":"","ast-hfb-above-header-display":"","ast-hfb-below-header-display":"","ast-hfb-mobile-header-display":"","site-post-title":"disabled","ast-breadcrumbs-content":"","ast-featured-img":"disabled","footer-sml-layout":"","ast-disable-related-posts":"","theme-transparent-header-meta":"enabled","adv-header-id-meta":"","stick-header-meta":"","header-above-stick-meta":"","header-main-stick-meta":"","header-below-stick-meta":"","astra-migrate-meta-layouts":"set","ast-page-background-enabled":"default","ast-page-background-meta":{"desktop":{"background-color":"","background-image":"","background-repeat":"repeat","background-position":"center center","background-size":"auto","background-attachment":"scroll","background-type":"","background-media":"","overlay-type":"","overlay-color":"","overlay-opacity":"","overlay-gradient":""},"tablet":{"background-color":"","background-image":"","background-repeat":"repeat","background-position":"center center","background-size":"auto","background-attachment":"scroll","background-type":"","background-media":"","overlay-type":"","overlay-color":"","overlay-opacity":"","overlay-gradient":""},"mobile":{"background-color":"","background-image":"","background-repeat":"repeat","background-position":"center center","background-size":"auto","background-attachment":"scroll","background-type":"","background-media":"","overlay-type":"","overlay-color":"","overlay-opacity":"","overlay-gradient":""}},"ast-content-background-meta":{"desktop":{"background-color":"var(--ast-global-color-5)","background-image":"","background-repeat":"repeat","background-position":"center center","background-size":"auto","background-attachment":"scroll","background-type":"","background-media":"","overlay-type":"","overlay-color":"","overlay-opacity":"","overlay-gradient":""},"tablet":{"background-color":"var(--ast-global-color-5)","background-image":"","background-repeat":"repeat","background-position":"center center","background-size":"auto","background-attachment":"scroll","background-type":"","background-media":"","overlay-type":"","overlay-color":"","overlay-opacity":"","overlay-gradient":""},"mobile":{"background-color":"var(--ast-global-color-5)","background-image":"","background-repeat":"repeat","background-position":"center center","background-size":"auto","background-attachment":"scroll","background-type":"","background-media":"","overlay-type":"","overlay-color":"","overlay-opacity":"","overlay-gradient":""}},"footnotes":""},"class_list":["post-529","page","type-page","status-publish","hentry"],"_links":{"self":[{"href":"https:\/\/slengenhariaeconsultoria.com.br\/index.php\/wp-json\/wp\/v2\/pages\/529","targetHints":{"allow":["GET"]}}],"collection":[{"href":"https:\/\/slengenhariaeconsultoria.com.br\/index.php\/wp-json\/wp\/v2\/pages"}],"about":[{"href":"https:\/\/slengenhariaeconsultoria.com.br\/index.php\/wp-json\/wp\/v2\/types\/page"}],"author":[{"embeddable":true,"href":"https:\/\/slengenhariaeconsultoria.com.br\/index.php\/wp-json\/wp\/v2\/users\/1"}],"replies":[{"embeddable":true,"href":"https:\/\/slengenhariaeconsultoria.com.br\/index.php\/wp-json\/wp\/v2\/comments?post=529"}],"version-history":[{"count":71,"href":"https:\/\/slengenhariaeconsultoria.com.br\/index.php\/wp-json\/wp\/v2\/pages\/529\/revisions"}],"predecessor-version":[{"id":911,"href":"https:\/\/slengenhariaeconsultoria.com.br\/index.php\/wp-json\/wp\/v2\/pages\/529\/revisions\/911"}],"wp:attachment":[{"href":"https:\/\/slengenhariaeconsultoria.com.br\/index.php\/wp-json\/wp\/v2\/media?parent=529"}],"curies":[{"name":"wp","href":"https:\/\/api.w.org\/{rel}","templated":true}]}}