{"id":528,"date":"2018-11-26T12:46:44","date_gmt":"2018-11-26T14:46:44","guid":{"rendered":"https:\/\/slengenhariaeconsultoria.com.br\/index.php\/projects\/"},"modified":"2026-01-14T14:27:25","modified_gmt":"2026-01-14T17:27:25","slug":"esocialsst","status":"publish","type":"page","link":"https:\/\/slengenhariaeconsultoria.com.br\/index.php\/esocialsst\/","title":{"rendered":"eSocial &#8211; SST"},"content":{"rendered":"<style>\/*! elementor - v3.6.7 - 03-07-2022 *\/\n.elementor-heading-title{padding:0;margin:0;line-height:1}.elementor-widget-heading .elementor-heading-title[class*=elementor-size-]>a{color:inherit;font-size:inherit;line-height:inherit}.elementor-widget-heading .elementor-heading-title.elementor-size-small{font-size:15px}.elementor-widget-heading .elementor-heading-title.elementor-size-medium{font-size:19px}.elementor-widget-heading .elementor-heading-title.elementor-size-large{font-size:29px}.elementor-widget-heading .elementor-heading-title.elementor-size-xl{font-size:39px}.elementor-widget-heading .elementor-heading-title.elementor-size-xxl{font-size:59px}<\/style>\n<h1>eSocial &#8211; sst<\/h1>\n<h4>O que \u00e9 o eSocial &#8211; SST<br \/>\n<\/h4>\n<style>\/*! elementor - v3.6.7 - 03-07-2022 *\/\n.elementor-widget-image{text-align:center}.elementor-widget-image a{display:inline-block}.elementor-widget-image a img[src$=\".svg\"]{width:48px}.elementor-widget-image img{vertical-align:middle;display:inline-block}<\/style>\n<p>\t\t\t\t\t\t\t\t\t\t\t\t<img decoding=\"async\" width=\"1920\" height=\"1080\" src=\"https:\/\/slengenhariaeconsultoria.com.br\/wp-content\/uploads\/2022\/07\/hard-hat-g7383bed23_1920.jpg\" alt=\"\" loading=\"lazy\" srcset=\"https:\/\/slengenhariaeconsultoria.com.br\/wp-content\/uploads\/2022\/07\/hard-hat-g7383bed23_1920.jpg 1920w, https:\/\/slengenhariaeconsultoria.com.br\/wp-content\/uploads\/2022\/07\/hard-hat-g7383bed23_1920-300x169.jpg 300w, https:\/\/slengenhariaeconsultoria.com.br\/wp-content\/uploads\/2022\/07\/hard-hat-g7383bed23_1920-1024x576.jpg 1024w, https:\/\/slengenhariaeconsultoria.com.br\/wp-content\/uploads\/2022\/07\/hard-hat-g7383bed23_1920-768x432.jpg 768w, https:\/\/slengenhariaeconsultoria.com.br\/wp-content\/uploads\/2022\/07\/hard-hat-g7383bed23_1920-1536x864.jpg 1536w\" sizes=\"auto, (max-width: 1920px) 100vw, 1920px\" \/>\t\t\t\t\t\t\t\t\t\t\t\t\t\t\t<\/p>\n<p>Criado em 2014 pelo Governo Federal, com a finalidade de unificar\u00a0 as informa\u00e7\u00f5es fiscais, previdenci\u00e1rias e trabalhistas dos funcion\u00e1rios atrav\u00e9s da digita\u00e7\u00e3o dessas informa\u00e7\u00f5es . E ser\u00e1 acrescentado a esse pacote,\u00a0 as informa\u00e7\u00f5es SST (Sa\u00fade e Seguran\u00e7a do Trabalhador) que regem as normas do trabalhador, tornando o ambiente de trabalho mais saud\u00e1vel e seguro para os trabalhadores.<\/p>\n<p>\u00a0<\/p>\n<h4>A Sua Import\u00e2ncia <\/h4>\n<p>Garantir ao(s) funcion\u00e1rio(s) a seguran\u00e7a cont\u00e1bil e Laboral durante o per\u00edodo de perman\u00eancia na empresa, pois os empres\u00e1rios s\u00e3o obrigados mensalmente a passar todas essas informa\u00e7\u00f5es para o governo, pois o atraso ou sonega\u00e7\u00e3o da informa\u00e7\u00f5es\u00a0 gera ao empregador multas pesadas! Al\u00e9m de trazer um bem estar ao funcion\u00e1rio durante sua carreira profissional.\u00a0<\/p>\n<p>\t\t\t\t\t\t\t\t\t\t\t\t\t\t\t<img decoding=\"async\" width=\"1920\" height=\"1279\" src=\"https:\/\/slengenhariaeconsultoria.com.br\/wp-content\/uploads\/2022\/07\/port-2668402_1920.jpg\" alt=\"\" loading=\"lazy\" srcset=\"https:\/\/slengenhariaeconsultoria.com.br\/wp-content\/uploads\/2022\/07\/port-2668402_1920.jpg 1920w, https:\/\/slengenhariaeconsultoria.com.br\/wp-content\/uploads\/2022\/07\/port-2668402_1920-300x200.jpg 300w, https:\/\/slengenhariaeconsultoria.com.br\/wp-content\/uploads\/2022\/07\/port-2668402_1920-1024x682.jpg 1024w, https:\/\/slengenhariaeconsultoria.com.br\/wp-content\/uploads\/2022\/07\/port-2668402_1920-768x512.jpg 768w, https:\/\/slengenhariaeconsultoria.com.br\/wp-content\/uploads\/2022\/07\/port-2668402_1920-1536x1023.jpg 1536w\" sizes=\"auto, (max-width: 1920px) 100vw, 1920px\" \/>\t\t\t\t\t\t\t\t\t\t\t\t\t\t\t<\/p>\n<h4>Abrang\u00eancia<\/h4>\n<p>\t\t\t\t\t\t\t\t\t\t\t\t\t\t\t<img decoding=\"async\" width=\"1920\" height=\"1210\" src=\"https:\/\/slengenhariaeconsultoria.com.br\/wp-content\/uploads\/2022\/07\/teamwork-gd4523c616_1920.jpg\" alt=\"\" loading=\"lazy\" srcset=\"https:\/\/slengenhariaeconsultoria.com.br\/wp-content\/uploads\/2022\/07\/teamwork-gd4523c616_1920.jpg 1920w, https:\/\/slengenhariaeconsultoria.com.br\/wp-content\/uploads\/2022\/07\/teamwork-gd4523c616_1920-300x189.jpg 300w, https:\/\/slengenhariaeconsultoria.com.br\/wp-content\/uploads\/2022\/07\/teamwork-gd4523c616_1920-1024x645.jpg 1024w, https:\/\/slengenhariaeconsultoria.com.br\/wp-content\/uploads\/2022\/07\/teamwork-gd4523c616_1920-768x484.jpg 768w, https:\/\/slengenhariaeconsultoria.com.br\/wp-content\/uploads\/2022\/07\/teamwork-gd4523c616_1920-1536x968.jpg 1536w\" sizes=\"auto, (max-width: 1920px) 100vw, 1920px\" \/>\t\t\t\t\t\t\t\t\t\t\t\t\t\t\t<\/p>\n<p>Todas as empresas ser\u00e3o obrigadas a enviar a situa\u00e7\u00e3o laboral do(s) seu(s) funcion\u00e1rio(s), para o governo , desde da admiss\u00e3o at\u00e9 o \u00faltimo dia de trabalho, a n\u00e3o ser aqueles que tem MEI ou a empresa que n\u00e3o estiver com funcion\u00e1rio, sendo assim o empres\u00e1rio nessa situa\u00e7\u00e3o n\u00e3o precisa enviar.<\/p>\n<h4>Servi\u00e7os Oferecidos Pela Nossa Empresa<\/h4>\n<p>Existe duas etapas importantes para esclarecer ao cliente: Fazer atrav\u00e9s de nossa empresa a documenta\u00e7\u00e3o laboral SST (Sa\u00fade e Seguran\u00e7a do Trabalhador), que n\u00e3o tem nada a ver com a documenta\u00e7\u00e3o cont\u00e1bil do funcion\u00e1rio e o envio das informa\u00e7\u00f5es para o eSocial. N\u00f3s oferecemos os dois servi\u00e7os aos nossos clientes. Ent\u00e3o, com as duas etapas realizadas, o empres\u00e1rio n\u00e3o ter\u00e1 o risco de ser multado pelo Governo Federal.<\/p>\n<p>\t\t\t\t\t\t\t\t\t\t\t\t\t\t\t<img decoding=\"async\" width=\"1920\" height=\"1109\" src=\"https:\/\/slengenhariaeconsultoria.com.br\/wp-content\/uploads\/2022\/07\/kuala-lumpur-g33f967cca_1920.jpg\" alt=\"\" loading=\"lazy\" srcset=\"https:\/\/slengenhariaeconsultoria.com.br\/wp-content\/uploads\/2022\/07\/kuala-lumpur-g33f967cca_1920.jpg 1920w, https:\/\/slengenhariaeconsultoria.com.br\/wp-content\/uploads\/2022\/07\/kuala-lumpur-g33f967cca_1920-300x173.jpg 300w, https:\/\/slengenhariaeconsultoria.com.br\/wp-content\/uploads\/2022\/07\/kuala-lumpur-g33f967cca_1920-1024x591.jpg 1024w, https:\/\/slengenhariaeconsultoria.com.br\/wp-content\/uploads\/2022\/07\/kuala-lumpur-g33f967cca_1920-768x444.jpg 768w, https:\/\/slengenhariaeconsultoria.com.br\/wp-content\/uploads\/2022\/07\/kuala-lumpur-g33f967cca_1920-1536x887.jpg 1536w\" sizes=\"auto, (max-width: 1920px) 100vw, 1920px\" \/>\t\t\t\t\t\t\t\t\t\t\t\t\t\t\t<\/p>\n<h5>Precisando de Ajuda ? Entre em contato com a nossa empresa!<\/h5>\n<p>\t\t\t<a href=\"https:\/\/slengenhariaeconsultoria.com.br\/index.php\/contato\/\" role=\"button\"><br \/>\n\t\t\t\t\t\tContato<br \/>\n\t\t\t\t\t<\/a><\/p>\n","protected":false},"excerpt":{"rendered":"<p>eSocial &#8211; sst O que \u00e9 o eSocial &#8211; SST Criado em 2014 pelo Governo Federal, com a finalidade de unificar\u00a0 as informa\u00e7\u00f5es fiscais, previdenci\u00e1rias e trabalhistas dos funcion\u00e1rios atrav\u00e9s da digita\u00e7\u00e3o dessas informa\u00e7\u00f5es . E ser\u00e1 acrescentado a esse pacote,\u00a0 as informa\u00e7\u00f5es SST (Sa\u00fade e Seguran\u00e7a do Trabalhador) que regem as normas do trabalhador, [&hellip;]<\/p>\n","protected":false},"author":1,"featured_media":0,"parent":0,"menu_order":0,"comment_status":"closed","ping_status":"closed","template":"","meta":{"om_disable_all_campaigns":false,"_monsterinsights_skip_tracking":false,"_monsterinsights_sitenote_active":false,"_monsterinsights_sitenote_note":"","_monsterinsights_sitenote_category":0,"site-sidebar-layout":"no-sidebar","site-content-layout":"page-builder","ast-site-content-layout":"full-width-container","site-content-style":"unboxed","site-sidebar-style":"unboxed","ast-global-header-display":"","ast-banner-title-visibility":"","ast-main-header-display":"","ast-hfb-above-header-display":"","ast-hfb-below-header-display":"","ast-hfb-mobile-header-display":"","site-post-title":"disabled","ast-breadcrumbs-content":"","ast-featured-img":"disabled","footer-sml-layout":"","ast-disable-related-posts":"","theme-transparent-header-meta":"enabled","adv-header-id-meta":"","stick-header-meta":"","header-above-stick-meta":"","header-main-stick-meta":"","header-below-stick-meta":"","astra-migrate-meta-layouts":"set","ast-page-background-enabled":"default","ast-page-background-meta":{"desktop":{"background-color":"","background-image":"","background-repeat":"repeat","background-position":"center center","background-size":"auto","background-attachment":"scroll","background-type":"","background-media":"","overlay-type":"","overlay-color":"","overlay-opacity":"","overlay-gradient":""},"tablet":{"background-color":"","background-image":"","background-repeat":"repeat","background-position":"center center","background-size":"auto","background-attachment":"scroll","background-type":"","background-media":"","overlay-type":"","overlay-color":"","overlay-opacity":"","overlay-gradient":""},"mobile":{"background-color":"","background-image":"","background-repeat":"repeat","background-position":"center center","background-size":"auto","background-attachment":"scroll","background-type":"","background-media":"","overlay-type":"","overlay-color":"","overlay-opacity":"","overlay-gradient":""}},"ast-content-background-meta":{"desktop":{"background-color":"var(--ast-global-color-5)","background-image":"","background-repeat":"repeat","background-position":"center center","background-size":"auto","background-attachment":"scroll","background-type":"","background-media":"","overlay-type":"","overlay-color":"","overlay-opacity":"","overlay-gradient":""},"tablet":{"background-color":"var(--ast-global-color-5)","background-image":"","background-repeat":"repeat","background-position":"center center","background-size":"auto","background-attachment":"scroll","background-type":"","background-media":"","overlay-type":"","overlay-color":"","overlay-opacity":"","overlay-gradient":""},"mobile":{"background-color":"var(--ast-global-color-5)","background-image":"","background-repeat":"repeat","background-position":"center center","background-size":"auto","background-attachment":"scroll","background-type":"","background-media":"","overlay-type":"","overlay-color":"","overlay-opacity":"","overlay-gradient":""}},"footnotes":""},"class_list":["post-528","page","type-page","status-publish","hentry"],"_links":{"self":[{"href":"https:\/\/slengenhariaeconsultoria.com.br\/index.php\/wp-json\/wp\/v2\/pages\/528","targetHints":{"allow":["GET"]}}],"collection":[{"href":"https:\/\/slengenhariaeconsultoria.com.br\/index.php\/wp-json\/wp\/v2\/pages"}],"about":[{"href":"https:\/\/slengenhariaeconsultoria.com.br\/index.php\/wp-json\/wp\/v2\/types\/page"}],"author":[{"embeddable":true,"href":"https:\/\/slengenhariaeconsultoria.com.br\/index.php\/wp-json\/wp\/v2\/users\/1"}],"replies":[{"embeddable":true,"href":"https:\/\/slengenhariaeconsultoria.com.br\/index.php\/wp-json\/wp\/v2\/comments?post=528"}],"version-history":[{"count":50,"href":"https:\/\/slengenhariaeconsultoria.com.br\/index.php\/wp-json\/wp\/v2\/pages\/528\/revisions"}],"predecessor-version":[{"id":912,"href":"https:\/\/slengenhariaeconsultoria.com.br\/index.php\/wp-json\/wp\/v2\/pages\/528\/revisions\/912"}],"wp:attachment":[{"href":"https:\/\/slengenhariaeconsultoria.com.br\/index.php\/wp-json\/wp\/v2\/media?parent=528"}],"curies":[{"name":"wp","href":"https:\/\/api.w.org\/{rel}","templated":true}]}}