{"id":526,"date":"2018-11-26T12:45:57","date_gmt":"2018-11-26T14:45:57","guid":{"rendered":"https:\/\/slengenhariaeconsultoria.com.br\/index.php\/about\/"},"modified":"2022-07-13T19:23:26","modified_gmt":"2022-07-13T22:23:26","slug":"segurancadotrabalho","status":"publish","type":"page","link":"https:\/\/slengenhariaeconsultoria.com.br\/index.php\/segurancadotrabalho\/","title":{"rendered":"Seguran\u00e7a do Trabalho"},"content":{"rendered":"\t\t<div data-elementor-type=\"wp-post\" data-elementor-id=\"526\" class=\"elementor elementor-526\">\n\t\t\t\t\t\t\t\t\t<section class=\"elementor-section elementor-top-section elementor-element elementor-element-1b5d768b elementor-section-content-middle elementor-section-boxed elementor-section-height-default elementor-section-height-default\" data-id=\"1b5d768b\" data-element_type=\"section\" data-settings=\"{&quot;background_background&quot;:&quot;classic&quot;}\">\n\t\t\t\t\t\t\t<div class=\"elementor-background-overlay\"><\/div>\n\t\t\t\t\t\t\t<div class=\"elementor-container elementor-column-gap-no\">\n\t\t\t\t\t<div class=\"elementor-column elementor-col-100 elementor-top-column elementor-element elementor-element-1608c15b\" data-id=\"1608c15b\" data-element_type=\"column\">\n\t\t\t<div class=\"elementor-widget-wrap elementor-element-populated\">\n\t\t\t\t\t\t\t\t<div class=\"elementor-element elementor-element-321a34b8 elementor-widget elementor-widget-heading\" data-id=\"321a34b8\" data-element_type=\"widget\" data-widget_type=\"heading.default\">\n\t\t\t\t<div class=\"elementor-widget-container\">\n\t\t\t<style>\/*! elementor - v3.6.7 - 03-07-2022 *\/\n.elementor-heading-title{padding:0;margin:0;line-height:1}.elementor-widget-heading .elementor-heading-title[class*=elementor-size-]>a{color:inherit;font-size:inherit;line-height:inherit}.elementor-widget-heading .elementor-heading-title.elementor-size-small{font-size:15px}.elementor-widget-heading .elementor-heading-title.elementor-size-medium{font-size:19px}.elementor-widget-heading .elementor-heading-title.elementor-size-large{font-size:29px}.elementor-widget-heading .elementor-heading-title.elementor-size-xl{font-size:39px}.elementor-widget-heading .elementor-heading-title.elementor-size-xxl{font-size:59px}<\/style><h2 class=\"elementor-heading-title elementor-size-xl\">SEGURAN\u00c7A DO TRABALHO<\/h2>\t\t<\/div>\n\t\t\t\t<\/div>\n\t\t\t\t\t<\/div>\n\t\t<\/div>\n\t\t\t\t\t\t\t<\/div>\n\t\t<\/section>\n\t\t\t\t<section class=\"elementor-section elementor-top-section elementor-element elementor-element-54dfedde elementor-section-content-top elementor-section-height-min-height elementor-section-boxed elementor-section-height-default elementor-section-items-middle\" data-id=\"54dfedde\" data-element_type=\"section\" data-settings=\"{&quot;background_background&quot;:&quot;classic&quot;}\">\n\t\t\t\t\t\t<div class=\"elementor-container elementor-column-gap-no\">\n\t\t\t\t\t<div class=\"elementor-column elementor-col-50 elementor-top-column elementor-element elementor-element-3b5232b7\" data-id=\"3b5232b7\" data-element_type=\"column\">\n\t\t\t<div class=\"elementor-widget-wrap elementor-element-populated\">\n\t\t\t\t\t\t\t\t<div class=\"elementor-element elementor-element-3f123748 elementor-widget elementor-widget-heading\" data-id=\"3f123748\" data-element_type=\"widget\" data-widget_type=\"heading.default\">\n\t\t\t\t<div class=\"elementor-widget-container\">\n\t\t\t<h5 class=\"elementor-heading-title elementor-size-default\">Alta qualidade em solu\u00e7\u00f5es t\u00e9cnicas\n<\/h5>\t\t<\/div>\n\t\t\t\t<\/div>\n\t\t\t\t<div class=\"elementor-element elementor-element-ac1409d elementor-widget elementor-widget-heading\" data-id=\"ac1409d\" data-element_type=\"widget\" data-widget_type=\"heading.default\">\n\t\t\t\t<div class=\"elementor-widget-container\">\n\t\t\t<h3 class=\"elementor-heading-title elementor-size-default\">Atendemos diretamente nas instala\u00e7\u00f5es das empresas, Onshore e Offshore, com equipamentos espec\u00edficos para realizarmos os servi\u00e7os e atingirmos as metas definidas, com qualidade e excel\u00eancia t\u00e9cnica. Confira nossos servi\u00e7os  abaixo ! <\/h3>\t\t<\/div>\n\t\t\t\t<\/div>\n\t\t\t\t\t<\/div>\n\t\t<\/div>\n\t\t\t\t<div class=\"elementor-column elementor-col-50 elementor-top-column elementor-element elementor-element-a030dd7\" data-id=\"a030dd7\" data-element_type=\"column\">\n\t\t\t<div class=\"elementor-widget-wrap elementor-element-populated\">\n\t\t\t\t\t\t\t\t<div class=\"elementor-element elementor-element-c9edf8d elementor-widget elementor-widget-image\" data-id=\"c9edf8d\" data-element_type=\"widget\" data-widget_type=\"image.default\">\n\t\t\t\t<div class=\"elementor-widget-container\">\n\t\t\t<style>\/*! elementor - v3.6.7 - 03-07-2022 *\/\n.elementor-widget-image{text-align:center}.elementor-widget-image a{display:inline-block}.elementor-widget-image a img[src$=\".svg\"]{width:48px}.elementor-widget-image img{vertical-align:middle;display:inline-block}<\/style>\t\t\t\t\t\t\t\t\t\t\t\t<img loading=\"lazy\" decoding=\"async\" width=\"1024\" height=\"683\" src=\"https:\/\/slengenhariaeconsultoria.com.br\/wp-content\/uploads\/2022\/07\/ship-g9fbe2e72f_1920-1024x683.jpg\" class=\"attachment-large size-large\" alt=\"\" srcset=\"https:\/\/slengenhariaeconsultoria.com.br\/wp-content\/uploads\/2022\/07\/ship-g9fbe2e72f_1920-1024x683.jpg 1024w, https:\/\/slengenhariaeconsultoria.com.br\/wp-content\/uploads\/2022\/07\/ship-g9fbe2e72f_1920-300x200.jpg 300w, https:\/\/slengenhariaeconsultoria.com.br\/wp-content\/uploads\/2022\/07\/ship-g9fbe2e72f_1920-768x512.jpg 768w, https:\/\/slengenhariaeconsultoria.com.br\/wp-content\/uploads\/2022\/07\/ship-g9fbe2e72f_1920-1536x1024.jpg 1536w, https:\/\/slengenhariaeconsultoria.com.br\/wp-content\/uploads\/2022\/07\/ship-g9fbe2e72f_1920.jpg 1920w\" sizes=\"auto, (max-width: 1024px) 100vw, 1024px\" \/>\t\t\t\t\t\t\t\t\t\t\t\t\t\t\t<\/div>\n\t\t\t\t<\/div>\n\t\t\t\t\t<\/div>\n\t\t<\/div>\n\t\t\t\t\t\t\t<\/div>\n\t\t<\/section>\n\t\t\t\t<section class=\"elementor-section elementor-top-section elementor-element elementor-element-40a873ed elementor-section-boxed elementor-section-height-default elementor-section-height-default\" data-id=\"40a873ed\" data-element_type=\"section\">\n\t\t\t\t\t\t\t<div class=\"elementor-background-overlay\"><\/div>\n\t\t\t\t\t\t\t<div class=\"elementor-container elementor-column-gap-no\">\n\t\t\t\t\t<div class=\"elementor-column elementor-col-100 elementor-top-column elementor-element elementor-element-7b7e5e6f\" data-id=\"7b7e5e6f\" data-element_type=\"column\">\n\t\t\t<div class=\"elementor-widget-wrap elementor-element-populated\">\n\t\t\t\t\t\t\t\t<div class=\"elementor-element elementor-element-75c6e16 elementor-widget elementor-widget-heading\" data-id=\"75c6e16\" data-element_type=\"widget\" data-widget_type=\"heading.default\">\n\t\t\t\t<div class=\"elementor-widget-container\">\n\t\t\t<h4 class=\"elementor-heading-title elementor-size-default\">GEST\u00c3O PARA CERTIFICA\u00c7\u00c3O \n\nServi\u00e7o de gest\u00e3o e administra\u00e7\u00e3o do SESMT \u2013 Servi\u00e7os Especializados em Seguran\u00e7a e Medicina do Trabalho, para pequenas, m\u00e9dias e grandes empresas, de modo a atender as exig\u00eancias da norma regulamentadora N-R4\/MTE, mais servi\u00e7os segue abaixo!\n<\/h4>\t\t<\/div>\n\t\t\t\t<\/div>\n\t\t\t\t<section class=\"elementor-section elementor-inner-section elementor-element elementor-element-64bad8ef elementor-section-content-top elementor-section-boxed elementor-section-height-default elementor-section-height-default\" data-id=\"64bad8ef\" data-element_type=\"section\">\n\t\t\t\t\t\t<div class=\"elementor-container elementor-column-gap-no\">\n\t\t\t\t\t<div class=\"elementor-column elementor-col-33 elementor-inner-column elementor-element elementor-element-19915fea\" data-id=\"19915fea\" data-element_type=\"column\">\n\t\t\t<div class=\"elementor-widget-wrap elementor-element-populated\">\n\t\t\t\t\t\t\t\t<div class=\"elementor-element elementor-element-576562dc elementor-widget elementor-widget-heading\" data-id=\"576562dc\" data-element_type=\"widget\" data-widget_type=\"heading.default\">\n\t\t\t\t<div class=\"elementor-widget-container\">\n\t\t\t<h4 class=\"elementor-heading-title elementor-size-default\">PROGRAMAS DE SEGURAN\u00c7A<\/h4>\t\t<\/div>\n\t\t\t\t<\/div>\n\t\t\t\t<div class=\"elementor-element elementor-element-1b42c948 elementor-widget__width-inherit elementor-widget elementor-widget-text-editor\" data-id=\"1b42c948\" data-element_type=\"widget\" data-widget_type=\"text-editor.default\">\n\t\t\t\t<div class=\"elementor-widget-container\">\n\t\t\t<style>\/*! elementor - v3.6.7 - 03-07-2022 *\/\n.elementor-widget-text-editor.elementor-drop-cap-view-stacked .elementor-drop-cap{background-color:#818a91;color:#fff}.elementor-widget-text-editor.elementor-drop-cap-view-framed .elementor-drop-cap{color:#818a91;border:3px solid;background-color:transparent}.elementor-widget-text-editor:not(.elementor-drop-cap-view-default) .elementor-drop-cap{margin-top:8px}.elementor-widget-text-editor:not(.elementor-drop-cap-view-default) .elementor-drop-cap-letter{width:1em;height:1em}.elementor-widget-text-editor .elementor-drop-cap{float:left;text-align:center;line-height:1;font-size:50px}.elementor-widget-text-editor .elementor-drop-cap-letter{display:inline-block}<\/style>\t\t\t\t<ul><li>PPRA &#8211; Programa de Preven\u00e7\u00e3o a Riscos Ambientais (previsto substitui\u00e7\u00e3o 2021 &#8211; PGR)<\/li><li>PGR &#8211; Programa Gerenciamento de Risco<\/li><li>PCMAT &#8211; Programa de Condi\u00e7\u00f5es Ambientais do Trabalho na Constru\u00e7\u00e3o Civil<\/li><li>PCMSO &#8211; Programa de Condi\u00e7\u00f5es de Medicina e Sa\u00fado Ocupacional<\/li><li>PCA &#8211; Programa de Conserva\u00e7\u00e3o Auditiva<\/li><li>PPR &#8211; Programa de Preven\u00e7\u00e3o Respirat\u00f3ria<\/li><li>PGRS &#8211; Programa de Gerenciamento de Res\u00edduos S\u00f3lidos<\/li><li>PGRSCC &#8211; Programa de Gerenciamento de Res\u00edduos S\u00f3lidos na Constru\u00e7\u00e3o Civil<\/li><li>ART \u2013 Anota\u00e7\u00e3o de Responsabilidade T\u00e9cnica<\/li><li>APR \u2013 An\u00e1lise Preliminar de Risco<\/li><li>AET \u2013 An\u00e1lise Ergon\u00f4mica do Trabalho<\/li><li>PEA \u2013 Plano de Emerg\u00eancia Ambiental<\/li><li>RCE \u2013 roteiro de Caracteriza\u00e7\u00e3o do Empreendimento<\/li><li>PRAD \u2013 Plano de recupera\u00e7\u00e3o de Area Degradada<\/li><li>EMI \u2013 Estudo de m\u00e9dio impacto<\/li><li>LA \u2013 Licen\u00e7a Ambiental<\/li><\/ul>\t\t\t\t\t\t<\/div>\n\t\t\t\t<\/div>\n\t\t\t\t<div class=\"elementor-element elementor-element-8e803fb elementor-widget elementor-widget-heading\" data-id=\"8e803fb\" data-element_type=\"widget\" data-widget_type=\"heading.default\">\n\t\t\t\t<div class=\"elementor-widget-container\">\n\t\t\t<h4 class=\"elementor-heading-title elementor-size-default\">SA\u00daDE<\/h4>\t\t<\/div>\n\t\t\t\t<\/div>\n\t\t\t\t<div class=\"elementor-element elementor-element-0e53332 elementor-widget elementor-widget-text-editor\" data-id=\"0e53332\" data-element_type=\"widget\" data-widget_type=\"text-editor.default\">\n\t\t\t\t<div class=\"elementor-widget-container\">\n\t\t\t\t\t\t\t<ul><li><p>ASO \u2013 atestado de Sa\u00fade Ocupacional (Admissional, Peri\u00f3dico, Retorno ao Trabalho, Mudan\u00e7a de fun\u00e7\u00e3o e demissional)<\/p><\/li><\/ul>\t\t\t\t\t\t<\/div>\n\t\t\t\t<\/div>\n\t\t\t\t\t<\/div>\n\t\t<\/div>\n\t\t\t\t<div class=\"elementor-column elementor-col-33 elementor-inner-column elementor-element elementor-element-1b7618ac\" data-id=\"1b7618ac\" data-element_type=\"column\">\n\t\t\t<div class=\"elementor-widget-wrap elementor-element-populated\">\n\t\t\t\t\t\t\t\t<div class=\"elementor-element elementor-element-3666fa1 elementor-widget elementor-widget-heading\" data-id=\"3666fa1\" data-element_type=\"widget\" data-widget_type=\"heading.default\">\n\t\t\t\t<div class=\"elementor-widget-container\">\n\t\t\t<h4 class=\"elementor-heading-title elementor-size-default\">TREINAMENTOS<\/h4>\t\t<\/div>\n\t\t\t\t<\/div>\n\t\t\t\t<div class=\"elementor-element elementor-element-77bd1f07 elementor-widget elementor-widget-text-editor\" data-id=\"77bd1f07\" data-element_type=\"widget\" data-widget_type=\"text-editor.default\">\n\t\t\t\t<div class=\"elementor-widget-container\">\n\t\t\t\t\t\t\t<ul><li><strong>Espa\u00e7o confinado \u2013 NR 33<\/strong><\/li><li><strong>Trabalho em Altura \u2013 NR 35<\/strong><\/li><li><strong>L\u00edquidos combust\u00edveis e inflam\u00e1veis \u2013 NR 20<\/strong><\/li><li><strong>CIPA \u2013 NR 5<\/strong><\/li><li><strong>Primeiros Socorros &#8211; NR 9<\/strong><\/li><li><strong>Instala\u00e7\u00f5es e Serv. em Eletricidade &#8211; NR 10<\/strong><\/li><li><strong>Manuseio, Transporte Movimenta\u00e7\u00e3o e Armazenagem de Materiais &#8211; NR 11<\/strong><\/li><li><strong>Seguran\u00e7a em M\u00e1quinas e Equipamentos &#8211; NR 12<\/strong><\/li><li><strong>Brigada de Inc\u00eandio<\/strong><\/li><li><strong>E treinamentos voltados a opera\u00e7\u00e3o dos seguintes equipamentos (Empilhadeira, Guindauto Munck, Guindastes)<\/strong><\/li><\/ul>\t\t\t\t\t\t<\/div>\n\t\t\t\t<\/div>\n\t\t\t\t<div class=\"elementor-element elementor-element-09147c8 elementor-widget elementor-widget-heading\" data-id=\"09147c8\" data-element_type=\"widget\" data-widget_type=\"heading.default\">\n\t\t\t\t<div class=\"elementor-widget-container\">\n\t\t\t<h4 class=\"elementor-heading-title elementor-size-default\">ELABORA\u00c7\u00c3O DE LAUDOS<\/h4>\t\t<\/div>\n\t\t\t\t<\/div>\n\t\t\t\t<div class=\"elementor-element elementor-element-4e909fe elementor-widget elementor-widget-text-editor\" data-id=\"4e909fe\" data-element_type=\"widget\" data-widget_type=\"text-editor.default\">\n\t\t\t\t<div class=\"elementor-widget-container\">\n\t\t\t\t\t\t\t<ul><li>Laudos de Periculosidade<\/li><li>Laudo de Insalubridade<\/li><li>Laudo Ergon\u00f4mico do Trabalho<\/li><li>LTCAT &#8211; Laudo T\u00e9cnico de condi\u00e7\u00f5es ambientais do Trabalho<\/li><li>Elabora\u00e7\u00f5es PPP &#8211; Perfil Profissiogr\u00e1fico do Trabalho<\/li><\/ul>\t\t\t\t\t\t<\/div>\n\t\t\t\t<\/div>\n\t\t\t\t<div class=\"elementor-element elementor-element-305ca99 elementor-widget elementor-widget-heading\" data-id=\"305ca99\" data-element_type=\"widget\" data-widget_type=\"heading.default\">\n\t\t\t\t<div class=\"elementor-widget-container\">\n\t\t\t<h4 class=\"elementor-heading-title elementor-size-default\">AVALIA\u00c7\u00c3O AMBIENTAL<\/h4>\t\t<\/div>\n\t\t\t\t<\/div>\n\t\t\t\t<div class=\"elementor-element elementor-element-c6bb3a8 elementor-widget elementor-widget-text-editor\" data-id=\"c6bb3a8\" data-element_type=\"widget\" data-widget_type=\"text-editor.default\">\n\t\t\t\t<div class=\"elementor-widget-container\">\n\t\t\t\t\t\t\t<ul><li>Risco F\u00edsico: Ru\u00eddo, Calor, Vibra\u00e7\u00e3o<\/li><li>Risco Qu\u00edmico: Poeira, Gases, Vapores, Fumos, PNOS<\/li><\/ul>\t\t\t\t\t\t<\/div>\n\t\t\t\t<\/div>\n\t\t\t\t\t<\/div>\n\t\t<\/div>\n\t\t\t\t<div class=\"elementor-column elementor-col-33 elementor-inner-column elementor-element elementor-element-6b78afac\" data-id=\"6b78afac\" data-element_type=\"column\">\n\t\t\t<div class=\"elementor-widget-wrap elementor-element-populated\">\n\t\t\t\t\t\t\t\t<div class=\"elementor-element elementor-element-7c7984a elementor-widget elementor-widget-heading\" data-id=\"7c7984a\" data-element_type=\"widget\" data-widget_type=\"heading.default\">\n\t\t\t\t<div class=\"elementor-widget-container\">\n\t\t\t<h4 class=\"elementor-heading-title elementor-size-default\">GEST\u00c3O PARA CERTIFICA\u00c7\u00c3O<\/h4>\t\t<\/div>\n\t\t\t\t<\/div>\n\t\t\t\t<div class=\"elementor-element elementor-element-12309fc elementor-widget elementor-widget-text-editor\" data-id=\"12309fc\" data-element_type=\"widget\" data-widget_type=\"text-editor.default\">\n\t\t\t\t<div class=\"elementor-widget-container\">\n\t\t\t\t\t\t\t<ul><li><strong>Implanta\u00e7\u00e3o do SGQ \u2013 Sistema de Gest\u00e3o da Qualidade (Procedimentos e formul\u00e1rios)<\/strong><\/li><li><strong>Implanta\u00e7\u00e3o do SGSS \u2013 Sistema de gest\u00e3o de Seguran\u00e7a e Sa\u00fade (Procedimentos e formul\u00e1rios)<\/strong><\/li><li><strong>Implanta\u00e7\u00e3o do SGMA \u2013 Sistema de Gest\u00e3o de Meio Ambiente (Procedimentos e formul\u00e1rios)<\/strong><\/li><li><span style=\"color: #ff6600;\"><strong>Implanta\u00e7\u00e3o do Sistema COMPLIANCE (Procedimentos e formul\u00e1rios)<\/strong><\/span><\/li><\/ul>\t\t\t\t\t\t<\/div>\n\t\t\t\t<\/div>\n\t\t\t\t<div class=\"elementor-element elementor-element-c11bdcc elementor-widget elementor-widget-heading\" data-id=\"c11bdcc\" data-element_type=\"widget\" data-widget_type=\"heading.default\">\n\t\t\t\t<div class=\"elementor-widget-container\">\n\t\t\t<h4 class=\"elementor-heading-title elementor-size-default\">CONSULTORIA<\/h4>\t\t<\/div>\n\t\t\t\t<\/div>\n\t\t\t\t<div class=\"elementor-element elementor-element-46c058d elementor-widget elementor-widget-text-editor\" data-id=\"46c058d\" data-element_type=\"widget\" data-widget_type=\"text-editor.default\">\n\t\t\t\t<div class=\"elementor-widget-container\">\n\t\t\t\t\t\t\t<ul><li><p><strong><span style=\"color: #008000;\"><em>eSOCIAL<\/em><\/span> <span style=\"color: #008000;\">\u2013 SST :<\/span> <span style=\"color: #ff6600;\">Realiza\u00e7\u00e3o de todas as etapas SST at\u00e9 o envio das informa\u00e7\u00f5es trabalhistas<\/span><\/strong><\/p><\/li><\/ul>\t\t\t\t\t\t<\/div>\n\t\t\t\t<\/div>\n\t\t\t\t<div class=\"elementor-element elementor-element-c7146f1 elementor-widget elementor-widget-heading\" data-id=\"c7146f1\" data-element_type=\"widget\" data-widget_type=\"heading.default\">\n\t\t\t\t<div class=\"elementor-widget-container\">\n\t\t\t<h4 class=\"elementor-heading-title elementor-size-default\">AUDITORIA<\/h4>\t\t<\/div>\n\t\t\t\t<\/div>\n\t\t\t\t<div class=\"elementor-element elementor-element-4676089 elementor-widget elementor-widget-text-editor\" data-id=\"4676089\" data-element_type=\"widget\" data-widget_type=\"text-editor.default\">\n\t\t\t\t<div class=\"elementor-widget-container\">\n\t\t\t\t\t\t\t<ul>\n<li>\n<p><strong>Certifica\u00e7\u00e3o de conformidade t\u00e9cnica de programas, laudos, avalia\u00e7\u00f5es, processos, condi\u00e7\u00f5es,&nbsp; monitora\u00e7\u00f5es, fatos e direitos relativos \u00e0 seguran\u00e7a do trabalho e ao cumprimento dos respectivos programas<\/strong><\/p>\n<\/li>\n<\/ul>\t\t\t\t\t\t<\/div>\n\t\t\t\t<\/div>\n\t\t\t\t\t<\/div>\n\t\t<\/div>\n\t\t\t\t\t\t\t<\/div>\n\t\t<\/section>\n\t\t\t\t\t<\/div>\n\t\t<\/div>\n\t\t\t\t\t\t\t<\/div>\n\t\t<\/section>\n\t\t\t\t<section class=\"elementor-section elementor-top-section elementor-element elementor-element-187f1669 elementor-section-boxed elementor-section-height-default elementor-section-height-default\" data-id=\"187f1669\" data-element_type=\"section\" data-settings=\"{&quot;background_background&quot;:&quot;classic&quot;}\">\n\t\t\t\t\t\t<div class=\"elementor-container elementor-column-gap-default\">\n\t\t\t\t\t<div class=\"elementor-column elementor-col-25 elementor-top-column elementor-element elementor-element-1cee7c30\" data-id=\"1cee7c30\" data-element_type=\"column\">\n\t\t\t<div class=\"elementor-widget-wrap\">\n\t\t\t\t\t\t\t\t\t<\/div>\n\t\t<\/div>\n\t\t\t\t<div class=\"elementor-column elementor-col-25 elementor-top-column elementor-element elementor-element-38533178\" data-id=\"38533178\" data-element_type=\"column\">\n\t\t\t<div class=\"elementor-widget-wrap elementor-element-populated\">\n\t\t\t\t\t\t\t\t<div class=\"elementor-element elementor-element-6b858d7 elementor-widget elementor-widget-heading\" data-id=\"6b858d7\" data-element_type=\"widget\" data-widget_type=\"heading.default\">\n\t\t\t\t<div class=\"elementor-widget-container\">\n\t\t\t<h3 class=\"elementor-heading-title elementor-size-medium\">Precisando de ajuda ? Entre em contato com a nossa empresa!<\/h3>\t\t<\/div>\n\t\t\t\t<\/div>\n\t\t\t\t\t<\/div>\n\t\t<\/div>\n\t\t\t\t<div class=\"elementor-column elementor-col-25 elementor-top-column elementor-element elementor-element-20c4516d\" data-id=\"20c4516d\" data-element_type=\"column\">\n\t\t\t<div class=\"elementor-widget-wrap elementor-element-populated\">\n\t\t\t\t\t\t\t\t<div class=\"elementor-element elementor-element-4e0ea1e7 elementor-align-center elementor-button-danger elementor-invisible elementor-widget elementor-widget-button\" data-id=\"4e0ea1e7\" data-element_type=\"widget\" data-settings=\"{&quot;_animation&quot;:&quot;bounceIn&quot;}\" data-widget_type=\"button.default\">\n\t\t\t\t<div class=\"elementor-widget-container\">\n\t\t\t\t\t<div class=\"elementor-button-wrapper\">\n\t\t\t<a href=\"https:\/\/slengenhariaeconsultoria.com.br\/index.php\/contato\/\" class=\"elementor-button-link elementor-button elementor-size-sm\" role=\"button\">\n\t\t\t\t\t\t<span class=\"elementor-button-content-wrapper\">\n\t\t\t\t\t\t\t<span class=\"elementor-button-icon elementor-align-icon-left\">\n\t\t\t\t<i aria-hidden=\"true\" class=\"far fa-bell\"><\/i>\t\t\t<\/span>\n\t\t\t\t\t\t<span class=\"elementor-button-text\">Contato<\/span>\n\t\t<\/span>\n\t\t\t\t\t<\/a>\n\t\t<\/div>\n\t\t\t\t<\/div>\n\t\t\t\t<\/div>\n\t\t\t\t\t<\/div>\n\t\t<\/div>\n\t\t\t\t<div class=\"elementor-column elementor-col-25 elementor-top-column elementor-element elementor-element-3d1a34c\" data-id=\"3d1a34c\" data-element_type=\"column\">\n\t\t\t<div class=\"elementor-widget-wrap\">\n\t\t\t\t\t\t\t\t\t<\/div>\n\t\t<\/div>\n\t\t\t\t\t\t\t<\/div>\n\t\t<\/section>\n\t\t\t\t\t\t\t<\/div>\n\t\t","protected":false},"excerpt":{"rendered":"<p>SEGURAN\u00c7A DO TRABALHO Alta qualidade em solu\u00e7\u00f5es t\u00e9cnicas Atendemos diretamente nas instala\u00e7\u00f5es das empresas, Onshore e Offshore, com equipamentos espec\u00edficos para realizarmos os servi\u00e7os e atingirmos as metas definidas, com qualidade e excel\u00eancia t\u00e9cnica. Confira nossos servi\u00e7os abaixo ! GEST\u00c3O PARA CERTIFICA\u00c7\u00c3O Servi\u00e7o de gest\u00e3o e administra\u00e7\u00e3o do SESMT \u2013 Servi\u00e7os Especializados em Seguran\u00e7a e [&hellip;]<\/p>\n","protected":false},"author":1,"featured_media":0,"parent":0,"menu_order":0,"comment_status":"closed","ping_status":"closed","template":"","meta":{"om_disable_all_campaigns":false,"_monsterinsights_skip_tracking":false,"_monsterinsights_sitenote_active":false,"_monsterinsights_sitenote_note":"","_monsterinsights_sitenote_category":0,"site-sidebar-layout":"no-sidebar","site-content-layout":"page-builder","ast-site-content-layout":"default","site-content-style":"default","site-sidebar-style":"default","ast-global-header-display":"","ast-banner-title-visibility":"","ast-main-header-display":"","ast-hfb-above-header-display":"","ast-hfb-below-header-display":"","ast-hfb-mobile-header-display":"","site-post-title":"disabled","ast-breadcrumbs-content":"","ast-featured-img":"disabled","footer-sml-layout":"","ast-disable-related-posts":"","theme-transparent-header-meta":"enabled","adv-header-id-meta":"","stick-header-meta":"","header-above-stick-meta":"","header-main-stick-meta":"","header-below-stick-meta":"","astra-migrate-meta-layouts":"default","ast-page-background-enabled":"default","ast-page-background-meta":{"desktop":{"background-color":"","background-image":"","background-repeat":"repeat","background-position":"center center","background-size":"auto","background-attachment":"scroll","background-type":"","background-media":"","overlay-type":"","overlay-color":"","overlay-opacity":"","overlay-gradient":""},"tablet":{"background-color":"","background-image":"","background-repeat":"repeat","background-position":"center center","background-size":"auto","background-attachment":"scroll","background-type":"","background-media":"","overlay-type":"","overlay-color":"","overlay-opacity":"","overlay-gradient":""},"mobile":{"background-color":"","background-image":"","background-repeat":"repeat","background-position":"center center","background-size":"auto","background-attachment":"scroll","background-type":"","background-media":"","overlay-type":"","overlay-color":"","overlay-opacity":"","overlay-gradient":""}},"ast-content-background-meta":{"desktop":{"background-color":"var(--ast-global-color-5)","background-image":"","background-repeat":"repeat","background-position":"center center","background-size":"auto","background-attachment":"scroll","background-type":"","background-media":"","overlay-type":"","overlay-color":"","overlay-opacity":"","overlay-gradient":""},"tablet":{"background-color":"var(--ast-global-color-5)","background-image":"","background-repeat":"repeat","background-position":"center center","background-size":"auto","background-attachment":"scroll","background-type":"","background-media":"","overlay-type":"","overlay-color":"","overlay-opacity":"","overlay-gradient":""},"mobile":{"background-color":"var(--ast-global-color-5)","background-image":"","background-repeat":"repeat","background-position":"center center","background-size":"auto","background-attachment":"scroll","background-type":"","background-media":"","overlay-type":"","overlay-color":"","overlay-opacity":"","overlay-gradient":""}},"footnotes":""},"class_list":["post-526","page","type-page","status-publish","hentry"],"_links":{"self":[{"href":"https:\/\/slengenhariaeconsultoria.com.br\/index.php\/wp-json\/wp\/v2\/pages\/526","targetHints":{"allow":["GET"]}}],"collection":[{"href":"https:\/\/slengenhariaeconsultoria.com.br\/index.php\/wp-json\/wp\/v2\/pages"}],"about":[{"href":"https:\/\/slengenhariaeconsultoria.com.br\/index.php\/wp-json\/wp\/v2\/types\/page"}],"author":[{"embeddable":true,"href":"https:\/\/slengenhariaeconsultoria.com.br\/index.php\/wp-json\/wp\/v2\/users\/1"}],"replies":[{"embeddable":true,"href":"https:\/\/slengenhariaeconsultoria.com.br\/index.php\/wp-json\/wp\/v2\/comments?post=526"}],"version-history":[{"count":56,"href":"https:\/\/slengenhariaeconsultoria.com.br\/index.php\/wp-json\/wp\/v2\/pages\/526\/revisions"}],"predecessor-version":[{"id":857,"href":"https:\/\/slengenhariaeconsultoria.com.br\/index.php\/wp-json\/wp\/v2\/pages\/526\/revisions\/857"}],"wp:attachment":[{"href":"https:\/\/slengenhariaeconsultoria.com.br\/index.php\/wp-json\/wp\/v2\/media?parent=526"}],"curies":[{"name":"wp","href":"https:\/\/api.w.org\/{rel}","templated":true}]}}